{"id":3,"date":"2024-07-15T12:05:21","date_gmt":"2024-07-15T09:05:21","guid":{"rendered":"https:\/\/sefafermuar.com.tr\/?page_id=3"},"modified":"2026-05-12T00:11:04","modified_gmt":"2026-05-11T21:11:04","slug":"aydinlatma-metni","status":"publish","type":"page","link":"https:\/\/sefafermuar.com.tr\/index.php\/aydinlatma-metni\/","title":{"rendered":"Ki\u015fisel Verilerin \u0130\u015flenmesi Hakk\u0131nda Ayd\u0131nlatma Metni"},"content":{"rendered":"\t\t<div data-elementor-type=\"wp-page\" data-elementor-id=\"3\" class=\"elementor elementor-3\" data-elementor-post-type=\"page\">\n\t\t\t\t<div class=\"elementor-element elementor-element-db1f135 e-flex e-con-boxed e-con e-parent\" data-id=\"db1f135\" data-element_type=\"container\" data-e-type=\"container\">\n\t\t\t\t\t<div class=\"e-con-inner\">\n\t\t<div class=\"elementor-element elementor-element-d4df8a7 e-con-full e-flex e-con e-child\" data-id=\"d4df8a7\" data-element_type=\"container\" data-e-type=\"container\">\n\t\t\t\t<div class=\"elementor-element elementor-element-a818180 elementor-widget elementor-widget-heading\" data-id=\"a818180\" data-element_type=\"widget\" data-e-type=\"widget\" data-widget_type=\"heading.default\">\n\t\t\t\t<div class=\"elementor-widget-container\">\n\t\t\t\t\t<h2 class=\"elementor-heading-title elementor-size-default\">Ki\u015fisel Verilerin \u0130\u015flenmesi Hakk\u0131nda Ayd\u0131nlatma Metni<\/h2>\t\t\t\t<\/div>\n\t\t\t\t<\/div>\n\t\t\t\t<\/div>\n\t\t\t\t\t<\/div>\n\t\t\t\t<\/div>\n\t\t<div class=\"elementor-element elementor-element-15821cc e-flex e-con-boxed e-con e-parent\" data-id=\"15821cc\" data-element_type=\"container\" data-e-type=\"container\">\n\t\t\t\t\t<div class=\"e-con-inner\">\n\t\t\t\t<div class=\"elementor-element elementor-element-7fcd042 elementor-widget elementor-widget-text-editor\" data-id=\"7fcd042\" data-element_type=\"widget\" data-e-type=\"widget\" data-widget_type=\"text-editor.default\">\n\t\t\t\t<div class=\"elementor-widget-container\">\n\t\t\t\t\t\t\t\t\t<p><strong>K\u0130\u015e\u0130SEL VER\u0130LER\u0130N KORUNMASINA \u0130L\u0130\u015eK\u0130N AYDINLATMA METN\u0130<\/strong><\/p>\n<p>Bu ayd\u0131nlatma metni, 6698 say\u0131l\u0131 Ki\u015fisel Verilerin Korunmas\u0131 Kanununun 10. maddesi ile Ayd\u0131nlatma Y\u00fck\u00fcml\u00fcl\u00fc\u011f\u00fcn\u00fcn Yerine Getirilmesinde Uyulacak Usul ve Esaslar Hakk\u0131nda Tebli\u011f kapsam\u0131nda veri sorumlusu s\u0131fat\u0131yla SEFA FERMUAR Sanayi ve Ticaret A.\u015e. taraf\u0131ndan haz\u0131rlanm\u0131\u015ft\u0131r.<\/p>\n<p><strong>a) K\u0130\u015e\u0130SEL VER\u0130LER\u0130N TOPLANMA Y\u00d6NTEM\u0130 VE HUKUK\u0130 SEBEB\u0130<\/strong><\/p>\n<p>SEFA FERMUAR SAN. ve T\u0130C A.\u015e., taraf\u0131n\u0131zca bildirilen kimlik bilgisi, ileti\u015fim bilgisi, mesleki, ticari ve mali bilgiler ile ki\u015fisel verileri tamamen veya k\u0131smen otomatik yollarla ya da form ve benzeri bas\u0131l\u0131 evrak gibi otomatik olmayan yollarla, 6698 say\u0131l\u0131 kanunun 5. Ve 6. Maddesinde belirtilen ki\u015fisel veri i\u015fleme \u015fartlar\u0131 ve ama\u00e7lar\u0131 kapsam\u0131nda bu Ayd\u0131nlatma Metni\u2019nin (b) ve (c) maddelerinde belirtilen ama\u00e7larla da i\u015flenebilmekte ve aktar\u0131labilmektedir.<\/p>\n<p>SEFA FERMUAR, ki\u015fisel verileri 6698 say\u0131l\u0131 kanunun 4. Maddesinde yer alan usul ve esaslar \u00e7er\u00e7evesinde i\u015flemektedir.<\/p>\n<p>SEFA FERMUAR, ki\u015fisel verilerin i\u015flenmesinde taraf\u0131n\u0131z\u0131n a\u00e7\u0131k r\u0131zas\u0131n\u0131 aramaktad\u0131r. Buna kar\u015f\u0131l\u0131k 6698 say\u0131l\u0131 kanunun 5. Maddesi uyar\u0131nca a\u00e7\u0131k r\u0131za aranmayan durumlar\u0131n olu\u015fmas\u0131 halinde, SEFA FERMUAR,\u00a0 ki\u015fisel verileri a\u00e7\u0131k r\u0131za olmaks\u0131z\u0131n i\u015fleme hakk\u0131na sahiptir.<\/p>\n<p><strong>b) K\u0130\u015e\u0130SEL VER\u0130LER\u0130N \u0130\u015eLENME AMA\u00c7LARI<\/strong><\/p>\n<p>SEFA FERMUAR San. ve Tic. A.\u015e.\u2019nin, elde etti\u011fi ki\u015fisel verileri elde etmesine ili\u015fkin yukar\u0131da yer verilen hukuki sebepler, bu verilerin i\u015flenmesi i\u00e7in de ge\u00e7erlidir.<\/p>\n<p>Bunun yan\u0131 s\u0131ra, SEFA FERMUAR Sanayi ve Ticaret\u00a0 A.\u015e. idari ve ticari faaliyetini y\u00fcr\u00fct\u00fcrken; veri sorumlusunun g\u00f6revini yerine getirebilmesi, hukuki sorumluluklar\u0131n yerine getirilebilmesi ve uyu\u015fmazl\u0131klar\u0131n giderilebilmesi, ticari faaliyetlerin y\u00fcr\u00fct\u00fclebilmesi, verilerin analiz edilebilmesi, g\u00f6r\u00fcnt\u00fclenebilmesi, \u015eirket&#8217;in ve \u015eirket&#8217;le i\u015f ili\u015fkisi i\u00e7erisinde olan ilgili ki\u015filerin hukuki, teknik ve ticari-i\u015f g\u00fcvenli\u011finin temini; \u015eirket taraf\u0131ndan sunulan \u00fcr\u00fcn ve hizmetlerin ilgili ki\u015filerin be\u011feni, kullan\u0131m al\u0131\u015fkanl\u0131klar\u0131 ve ihtiya\u00e7lar\u0131na g\u00f6re \u00f6zelle\u015ftirilerek ilgili ki\u015filere \u00f6nerilmesi ve tan\u0131t\u0131lmas\u0131 i\u00e7in gerekli olan aktivitelerin planlanmas\u0131 ve icras\u0131; \u015eirket taraf\u0131ndan sunulan \u00fcr\u00fcn ve hizmetlerden ilgili ki\u015fileri faydaland\u0131rmak i\u00e7in gerekli \u00e7al\u0131\u015fmalar\u0131n i\u015f birimlerimiz taraf\u0131ndan yap\u0131lmas\u0131 ve ilgili i\u015f s\u00fcre\u00e7lerinin y\u00fcr\u00fct\u00fclmesi; \u015eirket&#8217;in ticari ve\/veya i\u015f stratejilerinin planlanmas\u0131 ve icras\u0131; \u015eirket taraf\u0131ndan y\u00fcr\u00fct\u00fclen ticari faaliyetlerin ger\u00e7ekle\u015ftirilmesi i\u00e7in ilgili i\u015f birimlerimiz taraf\u0131ndan gerekli \u00e7al\u0131\u015fmalar\u0131n yap\u0131lmas\u0131 ve buna ba\u011fl\u0131 i\u015f s\u00fcre\u00e7lerinin y\u00fcr\u00fct\u00fclmesi; \u015eirket&#8217;in insan kaynaklar\u0131 politikalar\u0131 ve s\u00fcre\u00e7lerinin planlanmas\u0131n\u0131n ve icra edilmesi ama\u00e7lar\u0131yla me\u015fru ticaret ve i\u015f ama\u00e7lar\u0131yla ve 6698 say\u0131l\u0131 kanunun 5. Maddesi uyar\u0131nca izin verdi\u011fi hallerde ki\u015fisel verileri i\u015fleyebilmektedir.<\/p>\n<p><strong>c) K\u0130\u015e\u0130SEL VER\u0130LER\u0130N AKTARILAB\u0130LECE\u011e\u0130 \u00dc\u00c7\u00dcNC\u00dc K\u0130\u015e\u0130LER<\/strong><\/p>\n<p>Ki\u015fisel veriler yukar\u0131da yer verilen hukuki sebep ve ama\u00e7larla s\u0131n\u0131rl\u0131, \u00f6l\u00e7\u00fcl\u00fc ve ba\u011flant\u0131l\u0131 olacak \u015fekilde ve yine her durumda ilgili mevzuat\u0131n izin verdi\u011fi \u00f6l\u00e7\u00fcde; kanunun 8. ve 9. Maddesinde belirtilen usuller \u00e7er\u00e7evesinde a\u015fa\u011f\u0131daki ki\u015fi gruplar\u0131 ile payla\u015f\u0131labilir:<\/p>\n<ul>\n<li>SEFA FERMUAR San. ve Tic. A.\u015e.\u2019nin m\u00fc\u015fterileri<\/li>\n<li>SEFA FERMUAR San. ve Tic. A.\u015e.\u2019nin ticari faaliyetleri kapsam\u0131nda d\u0131\u015f kaynak hizmet al\u0131m\u0131 yapt\u0131\u011f\u0131 tedarik\u00e7ileri, dan\u0131\u015fmanlar\u0131 vb.<\/li>\n<li>Yurt i\u00e7inde ve d\u0131\u015f\u0131nda bulunan SEFA FERMUAR i\u015ftirakleri ve grup \u015firketleri<\/li>\n<li>Yasalarla yetkili k\u0131l\u0131nm\u0131\u015f kurum ve kurulu\u015flar<\/li>\n<li>\u00d6nceden r\u0131zan\u0131z\u0131n al\u0131nd\u0131\u011f\u0131 di\u011fer \u00fc\u00e7\u00fcnc\u00fc ki\u015filer<br \/><br \/><\/li>\n<\/ul>\n<p>SEFA FERMUAR SAN. ve T\u0130C. A.\u015e. taraf\u0131ndan verilerinizin yurtd\u0131\u015f\u0131na aktar\u0131lmas\u0131 halinde kanunun 9. Maddesinde belirtilen usul ve esaslar uygulan\u0131r.<\/p>\n<p><strong>d) K\u0130\u015e\u0130SEL VER\u0130LER\u0130N\u0130ZE \u0130L\u0130\u015eK\u0130N HAKLARINIZ<\/strong><\/p>\n<p>6698 Say\u0131l\u0131 Ki\u015fisel Verilerin Korunmas\u0131 Kanunu\u2019nun 11. Maddesi kapsam\u0131nda kendinizle ilgili ki\u015fisel verilerin i\u015flenip i\u015flenmedi\u011fini \u00f6\u011frenebilir ve i\u015flenmi\u015fse buna ili\u015fkin bilgi talep edebilirsiniz. Bu kapsamda;<\/p>\n<ul>\n<li>Ki\u015fisel veri i\u015flenip i\u015flenmedi\u011fini \u00f6\u011frenme,<\/li>\n<li>Ki\u015fisel verileri i\u015flenmi\u015fse buna ili\u015fkin bilgi talep etme,<\/li>\n<li>Ki\u015fisel verilerin i\u015flenme amac\u0131n\u0131 ve bunlar\u0131n amac\u0131na uygun kullan\u0131l\u0131p kullan\u0131lmad\u0131\u011f\u0131n\u0131 \u00f6\u011frenme,<\/li>\n<li>Yurt i\u00e7inde veya yurt d\u0131\u015f\u0131nda ki\u015fisel verilerin aktar\u0131ld\u0131\u011f\u0131 \u00fc\u00e7\u00fcnc\u00fc ki\u015fileri bilme,<\/li>\n<li>Ki\u015fisel verilerin eksik veya yanl\u0131\u015f i\u015flenmi\u015f olmas\u0131 h\u00e2linde bunlar\u0131n d\u00fczeltilmesini isteme ve bu kapsamda yap\u0131lan i\u015flemin ki\u015fisel verilerin aktar\u0131ld\u0131\u011f\u0131 \u00fc\u00e7\u00fcnc\u00fc ki\u015filere bildirilmesini isteme,<\/li>\n<li>6698 say\u0131l\u0131 Kanun ve ilgili di\u011fer kanun h\u00fck\u00fcmlerine uygun olarak i\u015flenmi\u015f olmas\u0131na ra\u011fmen, i\u015flenmesini gerektiren sebeplerin ortadan kalkmas\u0131 h\u00e2linde ki\u015fisel verilerin silinmesini veya yok edilmesini isteme ve bu kapsamda yap\u0131lan i\u015flemin ki\u015fisel verilerin aktar\u0131ld\u0131\u011f\u0131 \u00fc\u00e7\u00fcnc\u00fc ki\u015filere bildirilmesini isteme,<\/li>\n<li>\u0130\u015flenen verilerin m\u00fcnhas\u0131ran otomatik sistemler vas\u0131tas\u0131yla analiz edilmesi suretiyle ki\u015finin kendisi aleyhine bir sonucun ortaya \u00e7\u0131kmas\u0131na itiraz etme,<\/li>\n<li>Ki\u015fisel verilerin kanuna ayk\u0131r\u0131 olarak i\u015flenmesi sebebiyle zarara u\u011framas\u0131 h\u00e2linde zarar\u0131n giderilmesini talep etme<br \/><br \/><\/li>\n<\/ul>\n<p>Haklar\u0131na sahipsiniz.<\/p>\n<p>Kanunun ilgili ki\u015finin haklar\u0131n\u0131 d\u00fczenleyen 11. Maddesi kapsam\u0131ndaki taleplerinizi, \u201cVeri Sorumlusuna Ba\u015fvuru Usul ve Esaslar\u0131 Hakk\u0131nda Tebli\u011fe\u201d g\u00f6re taleplerinizi iletmek ve i\u015fbu Ayd\u0131nlatma Metninde yer alan hususlarda daha ayr\u0131nt\u0131l\u0131 bilgi edinmek isterseniz, <a href=\"https:\/\/sefafermuar.com.tr\/wp-content\/uploads\/2026\/05\/KVK_ilgili_kisi_basvuru_formu.pdf\" target=\"_blank\" rel=\"noopener\"><b>KVK \u0130lgili Ki\u015fi Ba\u015fvuru Formu doldurarak<\/b><\/a>, Mehmet Nesihi \u00d6zmen Mahallesi Fatih Caddesi K\u00f6knar Sokak No 13 Merter, 34173 G\u00fcng\u00f6ren \u0130stanbul adresine yaz\u0131l\u0131 olarak veya kay\u0131tl\u0131 elektronik posta (KEP) adresi, g\u00fcvenli elektronik imza, mobil imza kullanmak suretiyle <a href=\"mailto:sefa.fermuar@hs02.kep.tr\">sefa.fermuar@hs02.kep.tr<\/a> adresine e-posta g\u00f6ndererek bizimle ileti\u015fime ge\u00e7ebilirsiniz.<\/p>\n<p>Size en makul s\u00fcrede ve her durumda ba\u015fvurunuzun bize tebli\u011f edildi\u011fi veya ula\u015ft\u0131\u011f\u0131 tarihten itibaren en fazla 30 (otuz) g\u00fcn i\u00e7inde d\u00f6n\u00fc\u015f yap\u0131lacakt\u0131r. Talebinizin kar\u015f\u0131lanmas\u0131 i\u00e7in ger\u00e7ekle\u015ftirilecek i\u015flemin ayr\u0131ca bir maliyeti gerektirmesi halinde ilgili 13. Madde uyar\u0131nca tarifede belirlenen \u00fccret al\u0131nabilir.<\/p>\t\t\t\t\t\t\t\t<\/div>\n\t\t\t\t<\/div>\n\t\t\t\t\t<\/div>\n\t\t\t\t<\/div>\n\t\t\t\t<\/div>\n\t\t","protected":false},"excerpt":{"rendered":"<p>Ki\u015fisel Verilerin \u0130\u015flenmesi Hakk\u0131nda Ayd\u0131nlatma Metni K\u0130\u015e\u0130SEL VER\u0130LER\u0130N KORUNMASINA \u0130L\u0130\u015eK\u0130N AYDINLATMA METN\u0130 Bu ayd\u0131nlatma metni, 6698 say\u0131l\u0131 Ki\u015fisel Verilerin Korunmas\u0131 Kanununun 10. maddesi ile Ayd\u0131nlatma Y\u00fck\u00fcml\u00fcl\u00fc\u011f\u00fcn\u00fcn Yerine Getirilmesinde Uyulacak Usul ve Esaslar Hakk\u0131nda Tebli\u011f kapsam\u0131nda veri sorumlusu s\u0131fat\u0131yla SEFA FERMUAR Sanayi ve Ticaret A.\u015e. taraf\u0131ndan haz\u0131rlanm\u0131\u015ft\u0131r. a) K\u0130\u015e\u0130SEL VER\u0130LER\u0130N TOPLANMA Y\u00d6NTEM\u0130 VE HUKUK\u0130 SEBEB\u0130 SEFA [&hellip;]<\/p>\n","protected":false},"author":1,"featured_media":0,"parent":0,"menu_order":0,"comment_status":"closed","ping_status":"closed","template":"","meta":{"footnotes":""},"class_list":["post-3","page","type-page","status-publish","hentry"],"yoast_head":"<!-- This site is optimized with the Yoast SEO Premium plugin v27.5 (Yoast SEO v27.5) - https:\/\/yoast.com\/product\/yoast-seo-premium-wordpress\/ -->\r\n<title>Ki\u015fisel Verilerin \u0130\u015flenmesi Hakk\u0131nda Ayd\u0131nlatma Metni - Sefa Fermuar<\/title>\r\n<meta name=\"description\" content=\"SEFA FERMUAR, bir d\u00fcnya markas\u0131 olan YKK Firmas\u0131\u2019n\u0131n \u00fcretmi\u015f oldu\u011fu fermuar, d\u00fc\u011fme, \u00e7\u0131t \u00e7\u0131t, Cosmolon \u00ae, plastik aksesuarlar, kanca, rivet gibi olduk\u00e7a \u00e7e\u015fitli birle\u015ftirici \u00fcr\u00fcnlerin sat\u0131\u015f\u0131n\u0131 yapmaktad\u0131r.\" \/>\r\n<meta name=\"robots\" content=\"index, follow, max-snippet:-1, max-image-preview:large, max-video-preview:-1\" \/>\r\n<link rel=\"canonical\" href=\"https:\/\/sefafermuar.com.tr\/index.php\/aydinlatma-metni\/\" \/>\r\n<meta property=\"og:locale\" content=\"tr_TR\" \/>\r\n<meta property=\"og:type\" content=\"article\" \/>\r\n<meta property=\"og:title\" content=\"Ki\u015fisel Verilerin \u0130\u015flenmesi Hakk\u0131nda Ayd\u0131nlatma Metni\" \/>\r\n<meta property=\"og:description\" content=\"SEFA FERMUAR, bir d\u00fcnya markas\u0131 olan YKK Firmas\u0131\u2019n\u0131n \u00fcretmi\u015f oldu\u011fu fermuar, d\u00fc\u011fme, \u00e7\u0131t \u00e7\u0131t, Cosmolon \u00ae, plastik aksesuarlar, kanca, rivet gibi olduk\u00e7a \u00e7e\u015fitli birle\u015ftirici \u00fcr\u00fcnlerin sat\u0131\u015f\u0131n\u0131 yapmaktad\u0131r.\" \/>\r\n<meta property=\"og:url\" content=\"https:\/\/sefafermuar.com.tr\/index.php\/aydinlatma-metni\/\" \/>\r\n<meta property=\"og:site_name\" content=\"Sefa Fermuar\" \/>\r\n<meta property=\"article:publisher\" content=\"https:\/\/www.facebook.com\/pages\/Sefa-Fermuar\/1456124301284655\" \/>\r\n<meta property=\"article:modified_time\" content=\"2026-05-11T21:11:04+00:00\" \/>\r\n<meta property=\"og:image\" content=\"https:\/\/sefafermuar.com.tr\/wp-content\/uploads\/2024\/07\/logo.jpg\" \/>\r\n\t<meta property=\"og:image:width\" content=\"1080\" \/>\r\n\t<meta property=\"og:image:height\" content=\"1080\" \/>\r\n\t<meta property=\"og:image:type\" content=\"image\/jpeg\" \/>\r\n<meta name=\"twitter:card\" content=\"summary_large_image\" \/>\r\n<meta name=\"twitter:site\" content=\"@sefafermuar\" \/>\r\n<meta name=\"twitter:label1\" content=\"Tahmini okuma s\u00fcresi\" \/>\n\t<meta name=\"twitter:data1\" content=\"5 dakika\" \/>\r\n<script type=\"application\/ld+json\" class=\"yoast-schema-graph\">{\"@context\":\"https:\\\/\\\/schema.org\",\"@graph\":[{\"@type\":\"WebPage\",\"@id\":\"https:\\\/\\\/sefafermuar.com.tr\\\/index.php\\\/aydinlatma-metni\\\/\",\"url\":\"https:\\\/\\\/sefafermuar.com.tr\\\/index.php\\\/aydinlatma-metni\\\/\",\"name\":\"Ki\u015fisel Verilerin \u0130\u015flenmesi Hakk\u0131nda Ayd\u0131nlatma Metni - Sefa Fermuar\",\"isPartOf\":{\"@id\":\"https:\\\/\\\/sefafermuar.com.tr\\\/#website\"},\"datePublished\":\"2024-07-15T09:05:21+00:00\",\"dateModified\":\"2026-05-11T21:11:04+00:00\",\"description\":\"SEFA FERMUAR, bir d\u00fcnya markas\u0131 olan YKK Firmas\u0131\u2019n\u0131n \u00fcretmi\u015f oldu\u011fu fermuar, d\u00fc\u011fme, \u00e7\u0131t \u00e7\u0131t, Cosmolon \u00ae, plastik aksesuarlar, kanca, rivet gibi olduk\u00e7a \u00e7e\u015fitli birle\u015ftirici \u00fcr\u00fcnlerin sat\u0131\u015f\u0131n\u0131 yapmaktad\u0131r.\",\"breadcrumb\":{\"@id\":\"https:\\\/\\\/sefafermuar.com.tr\\\/index.php\\\/aydinlatma-metni\\\/#breadcrumb\"},\"inLanguage\":\"tr\",\"potentialAction\":[{\"@type\":\"ReadAction\",\"target\":[\"https:\\\/\\\/sefafermuar.com.tr\\\/index.php\\\/aydinlatma-metni\\\/\"]}]},{\"@type\":\"BreadcrumbList\",\"@id\":\"https:\\\/\\\/sefafermuar.com.tr\\\/index.php\\\/aydinlatma-metni\\\/#breadcrumb\",\"itemListElement\":[{\"@type\":\"ListItem\",\"position\":1,\"name\":\"Home\",\"item\":\"https:\\\/\\\/sefafermuar.com.tr\\\/\"},{\"@type\":\"ListItem\",\"position\":2,\"name\":\"Ki\u015fisel Verilerin \u0130\u015flenmesi Hakk\u0131nda Ayd\u0131nlatma Metni\"}]},{\"@type\":\"WebSite\",\"@id\":\"https:\\\/\\\/sefafermuar.com.tr\\\/#website\",\"url\":\"https:\\\/\\\/sefafermuar.com.tr\\\/\",\"name\":\"Sefa Fermuar\",\"description\":\"Fermuardaki kalite\",\"publisher\":{\"@id\":\"https:\\\/\\\/sefafermuar.com.tr\\\/#organization\"},\"potentialAction\":[{\"@type\":\"SearchAction\",\"target\":{\"@type\":\"EntryPoint\",\"urlTemplate\":\"https:\\\/\\\/sefafermuar.com.tr\\\/?s={search_term_string}\"},\"query-input\":{\"@type\":\"PropertyValueSpecification\",\"valueRequired\":true,\"valueName\":\"search_term_string\"}}],\"inLanguage\":\"tr\"},{\"@type\":\"Organization\",\"@id\":\"https:\\\/\\\/sefafermuar.com.tr\\\/#organization\",\"name\":\"Sefa Fermuar San.Tic.A.\u015e\",\"alternateName\":\"Sefa Fermuar\",\"url\":\"https:\\\/\\\/sefafermuar.com.tr\\\/\",\"logo\":{\"@type\":\"ImageObject\",\"inLanguage\":\"tr\",\"@id\":\"https:\\\/\\\/sefafermuar.com.tr\\\/#\\\/schema\\\/logo\\\/image\\\/\",\"url\":\"https:\\\/\\\/sefafermuar.com.tr\\\/wp-content\\\/uploads\\\/2024\\\/07\\\/logo.jpg\",\"contentUrl\":\"https:\\\/\\\/sefafermuar.com.tr\\\/wp-content\\\/uploads\\\/2024\\\/07\\\/logo.jpg\",\"width\":1080,\"height\":1080,\"caption\":\"Sefa Fermuar San.Tic.A.\u015e\"},\"image\":{\"@id\":\"https:\\\/\\\/sefafermuar.com.tr\\\/#\\\/schema\\\/logo\\\/image\\\/\"},\"sameAs\":[\"https:\\\/\\\/www.facebook.com\\\/pages\\\/Sefa-Fermuar\\\/1456124301284655\",\"https:\\\/\\\/x.com\\\/sefafermuar\",\"https:\\\/\\\/www.instagram.com\\\/sefa.fermuar\\\/\",\"http:\\\/\\\/www.pinterest.com\\\/sefafermuar\\\/\"],\"description\":\"SEFA FERMUAR, bir d\u00fcnya markas\u0131 olan YKK Firmas\u0131\u2019n\u0131n \u00fcretmi\u015f oldu\u011fu fermuar, d\u00fc\u011fme, \u00e7\u0131t \u00e7\u0131t, Cosmolon \u00ae, plastik aksesuarlar, kanca, rivet gibi olduk\u00e7a \u00e7e\u015fitli birle\u015ftirici \u00fcr\u00fcnlerin sat\u0131\u015f\u0131n\u0131 yapmaktad\u0131r.\",\"email\":\"info@sefafermuar.com.tr\",\"foundingDate\":\"1989-01-01\",\"taxID\":\"758 002 7254\",\"numberOfEmployees\":{\"@type\":\"QuantitativeValue\",\"minValue\":\"11\",\"maxValue\":\"50\"}}]}<\/script>\r\n<!-- \/ Yoast SEO Premium plugin. -->","yoast_head_json":{"title":"Ki\u015fisel Verilerin \u0130\u015flenmesi Hakk\u0131nda Ayd\u0131nlatma Metni - Sefa Fermuar","description":"SEFA FERMUAR, bir d\u00fcnya markas\u0131 olan YKK Firmas\u0131\u2019n\u0131n \u00fcretmi\u015f oldu\u011fu fermuar, d\u00fc\u011fme, \u00e7\u0131t \u00e7\u0131t, Cosmolon \u00ae, plastik aksesuarlar, kanca, rivet gibi olduk\u00e7a \u00e7e\u015fitli birle\u015ftirici \u00fcr\u00fcnlerin sat\u0131\u015f\u0131n\u0131 yapmaktad\u0131r.","robots":{"index":"index","follow":"follow","max-snippet":"max-snippet:-1","max-image-preview":"max-image-preview:large","max-video-preview":"max-video-preview:-1"},"canonical":"https:\/\/sefafermuar.com.tr\/index.php\/aydinlatma-metni\/","og_locale":"tr_TR","og_type":"article","og_title":"Ki\u015fisel Verilerin \u0130\u015flenmesi Hakk\u0131nda Ayd\u0131nlatma Metni","og_description":"SEFA FERMUAR, bir d\u00fcnya markas\u0131 olan YKK Firmas\u0131\u2019n\u0131n \u00fcretmi\u015f oldu\u011fu fermuar, d\u00fc\u011fme, \u00e7\u0131t \u00e7\u0131t, Cosmolon \u00ae, plastik aksesuarlar, kanca, rivet gibi olduk\u00e7a \u00e7e\u015fitli birle\u015ftirici \u00fcr\u00fcnlerin sat\u0131\u015f\u0131n\u0131 yapmaktad\u0131r.","og_url":"https:\/\/sefafermuar.com.tr\/index.php\/aydinlatma-metni\/","og_site_name":"Sefa Fermuar","article_publisher":"https:\/\/www.facebook.com\/pages\/Sefa-Fermuar\/1456124301284655","article_modified_time":"2026-05-11T21:11:04+00:00","og_image":[{"width":1080,"height":1080,"url":"https:\/\/sefafermuar.com.tr\/wp-content\/uploads\/2024\/07\/logo.jpg","type":"image\/jpeg"}],"twitter_card":"summary_large_image","twitter_site":"@sefafermuar","twitter_misc":{"Tahmini okuma s\u00fcresi":"5 dakika"},"schema":{"@context":"https:\/\/schema.org","@graph":[{"@type":"WebPage","@id":"https:\/\/sefafermuar.com.tr\/index.php\/aydinlatma-metni\/","url":"https:\/\/sefafermuar.com.tr\/index.php\/aydinlatma-metni\/","name":"Ki\u015fisel Verilerin \u0130\u015flenmesi Hakk\u0131nda Ayd\u0131nlatma Metni - Sefa Fermuar","isPartOf":{"@id":"https:\/\/sefafermuar.com.tr\/#website"},"datePublished":"2024-07-15T09:05:21+00:00","dateModified":"2026-05-11T21:11:04+00:00","description":"SEFA FERMUAR, bir d\u00fcnya markas\u0131 olan YKK Firmas\u0131\u2019n\u0131n \u00fcretmi\u015f oldu\u011fu fermuar, d\u00fc\u011fme, \u00e7\u0131t \u00e7\u0131t, Cosmolon \u00ae, plastik aksesuarlar, kanca, rivet gibi olduk\u00e7a \u00e7e\u015fitli birle\u015ftirici \u00fcr\u00fcnlerin sat\u0131\u015f\u0131n\u0131 yapmaktad\u0131r.","breadcrumb":{"@id":"https:\/\/sefafermuar.com.tr\/index.php\/aydinlatma-metni\/#breadcrumb"},"inLanguage":"tr","potentialAction":[{"@type":"ReadAction","target":["https:\/\/sefafermuar.com.tr\/index.php\/aydinlatma-metni\/"]}]},{"@type":"BreadcrumbList","@id":"https:\/\/sefafermuar.com.tr\/index.php\/aydinlatma-metni\/#breadcrumb","itemListElement":[{"@type":"ListItem","position":1,"name":"Home","item":"https:\/\/sefafermuar.com.tr\/"},{"@type":"ListItem","position":2,"name":"Ki\u015fisel Verilerin \u0130\u015flenmesi Hakk\u0131nda Ayd\u0131nlatma Metni"}]},{"@type":"WebSite","@id":"https:\/\/sefafermuar.com.tr\/#website","url":"https:\/\/sefafermuar.com.tr\/","name":"Sefa Fermuar","description":"Fermuardaki kalite","publisher":{"@id":"https:\/\/sefafermuar.com.tr\/#organization"},"potentialAction":[{"@type":"SearchAction","target":{"@type":"EntryPoint","urlTemplate":"https:\/\/sefafermuar.com.tr\/?s={search_term_string}"},"query-input":{"@type":"PropertyValueSpecification","valueRequired":true,"valueName":"search_term_string"}}],"inLanguage":"tr"},{"@type":"Organization","@id":"https:\/\/sefafermuar.com.tr\/#organization","name":"Sefa Fermuar San.Tic.A.\u015e","alternateName":"Sefa Fermuar","url":"https:\/\/sefafermuar.com.tr\/","logo":{"@type":"ImageObject","inLanguage":"tr","@id":"https:\/\/sefafermuar.com.tr\/#\/schema\/logo\/image\/","url":"https:\/\/sefafermuar.com.tr\/wp-content\/uploads\/2024\/07\/logo.jpg","contentUrl":"https:\/\/sefafermuar.com.tr\/wp-content\/uploads\/2024\/07\/logo.jpg","width":1080,"height":1080,"caption":"Sefa Fermuar San.Tic.A.\u015e"},"image":{"@id":"https:\/\/sefafermuar.com.tr\/#\/schema\/logo\/image\/"},"sameAs":["https:\/\/www.facebook.com\/pages\/Sefa-Fermuar\/1456124301284655","https:\/\/x.com\/sefafermuar","https:\/\/www.instagram.com\/sefa.fermuar\/","http:\/\/www.pinterest.com\/sefafermuar\/"],"description":"SEFA FERMUAR, bir d\u00fcnya markas\u0131 olan YKK Firmas\u0131\u2019n\u0131n \u00fcretmi\u015f oldu\u011fu fermuar, d\u00fc\u011fme, \u00e7\u0131t \u00e7\u0131t, Cosmolon \u00ae, plastik aksesuarlar, kanca, rivet gibi olduk\u00e7a \u00e7e\u015fitli birle\u015ftirici \u00fcr\u00fcnlerin sat\u0131\u015f\u0131n\u0131 yapmaktad\u0131r.","email":"info@sefafermuar.com.tr","foundingDate":"1989-01-01","taxID":"758 002 7254","numberOfEmployees":{"@type":"QuantitativeValue","minValue":"11","maxValue":"50"}}]}},"_links":{"self":[{"href":"https:\/\/sefafermuar.com.tr\/index.php\/wp-json\/wp\/v2\/pages\/3","targetHints":{"allow":["GET"]}}],"collection":[{"href":"https:\/\/sefafermuar.com.tr\/index.php\/wp-json\/wp\/v2\/pages"}],"about":[{"href":"https:\/\/sefafermuar.com.tr\/index.php\/wp-json\/wp\/v2\/types\/page"}],"author":[{"embeddable":true,"href":"https:\/\/sefafermuar.com.tr\/index.php\/wp-json\/wp\/v2\/users\/1"}],"replies":[{"embeddable":true,"href":"https:\/\/sefafermuar.com.tr\/index.php\/wp-json\/wp\/v2\/comments?post=3"}],"version-history":[{"count":16,"href":"https:\/\/sefafermuar.com.tr\/index.php\/wp-json\/wp\/v2\/pages\/3\/revisions"}],"predecessor-version":[{"id":1030,"href":"https:\/\/sefafermuar.com.tr\/index.php\/wp-json\/wp\/v2\/pages\/3\/revisions\/1030"}],"wp:attachment":[{"href":"https:\/\/sefafermuar.com.tr\/index.php\/wp-json\/wp\/v2\/media?parent=3"}],"curies":[{"name":"wp","href":"https:\/\/api.w.org\/{rel}","templated":true}]}}