{"id":164,"date":"2026-04-20T14:38:26","date_gmt":"2026-04-20T11:38:26","guid":{"rendered":"https:\/\/sefafermuar.com.tr\/?page_id=164"},"modified":"2026-05-07T22:37:56","modified_gmt":"2026-05-07T19:37:56","slug":"hakkimizda","status":"publish","type":"page","link":"https:\/\/sefafermuar.com.tr\/index.php\/hakkimizda\/","title":{"rendered":"Hakk\u0131m\u0131zda"},"content":{"rendered":"\t\t<div data-elementor-type=\"wp-page\" data-elementor-id=\"164\" class=\"elementor elementor-164\" data-elementor-post-type=\"page\">\n\t\t\t\t<div class=\"elementor-element elementor-element-62a1978 e-flex e-con-boxed e-con e-parent\" data-id=\"62a1978\" data-element_type=\"container\" data-e-type=\"container\">\n\t\t\t\t\t<div class=\"e-con-inner\">\n\t\t<div class=\"elementor-element elementor-element-91ef73b e-con-full e-flex e-con e-child\" data-id=\"91ef73b\" data-element_type=\"container\" data-e-type=\"container\">\n\t\t\t\t<div class=\"elementor-element elementor-element-8e500f7 elementor-widget elementor-widget-heading\" data-id=\"8e500f7\" data-element_type=\"widget\" data-e-type=\"widget\" data-widget_type=\"heading.default\">\n\t\t\t\t<div class=\"elementor-widget-container\">\n\t\t\t\t\t<h2 class=\"elementor-heading-title elementor-size-default\">Hakk\u0131m\u0131zda<\/h2>\t\t\t\t<\/div>\n\t\t\t\t<\/div>\n\t\t\t\t<\/div>\n\t\t\t\t\t<\/div>\n\t\t\t\t<\/div>\n\t\t<div class=\"elementor-element elementor-element-2a9e46b e-flex e-con-boxed e-con e-parent\" data-id=\"2a9e46b\" data-element_type=\"container\" data-e-type=\"container\">\n\t\t\t\t\t<div class=\"e-con-inner\">\n\t\t<div class=\"elementor-element elementor-element-3a50238 e-con-full e-flex e-con e-child\" data-id=\"3a50238\" data-element_type=\"container\" data-e-type=\"container\">\n\t\t\t\t<div class=\"elementor-element elementor-element-c5e8b20 e-transform elementor-hidden-mobile elementor-widget elementor-widget-image\" data-id=\"c5e8b20\" data-element_type=\"widget\" data-e-type=\"widget\" data-settings=\"{&quot;_transform_rotateZ_effect&quot;:{&quot;unit&quot;:&quot;px&quot;,&quot;size&quot;:-8,&quot;sizes&quot;:[]},&quot;_transform_rotateZ_effect_tablet&quot;:{&quot;unit&quot;:&quot;deg&quot;,&quot;size&quot;:&quot;&quot;,&quot;sizes&quot;:[]},&quot;_transform_rotateZ_effect_mobile&quot;:{&quot;unit&quot;:&quot;deg&quot;,&quot;size&quot;:&quot;&quot;,&quot;sizes&quot;:[]}}\" data-widget_type=\"image.default\">\n\t\t\t\t<div class=\"elementor-widget-container\">\n\t\t\t\t\t\t\t\t\t\t\t\t\t\t\t<img fetchpriority=\"high\" decoding=\"async\" width=\"413\" height=\"681\" src=\"https:\/\/sefafermuar.com.tr\/wp-content\/uploads\/2026\/04\/SukruKulak.jpg\" class=\"attachment-full size-full wp-image-249\" alt=\"\" srcset=\"https:\/\/sefafermuar.com.tr\/wp-content\/uploads\/2026\/04\/SukruKulak.jpg 413w, https:\/\/sefafermuar.com.tr\/wp-content\/uploads\/2026\/04\/SukruKulak-182x300.jpg 182w\" sizes=\"(max-width: 413px) 100vw, 413px\" \/>\t\t\t\t\t\t\t\t\t\t\t\t\t\t\t<\/div>\n\t\t\t\t<\/div>\n\t\t\t\t<div class=\"elementor-element elementor-element-4d11de3 e-transform elementor-widget elementor-widget-image\" data-id=\"4d11de3\" data-element_type=\"widget\" data-e-type=\"widget\" data-settings=\"{&quot;_transform_rotateZ_effect&quot;:{&quot;unit&quot;:&quot;px&quot;,&quot;size&quot;:-4,&quot;sizes&quot;:[]},&quot;_transform_rotateZ_effect_tablet&quot;:{&quot;unit&quot;:&quot;deg&quot;,&quot;size&quot;:&quot;&quot;,&quot;sizes&quot;:[]},&quot;_transform_rotateZ_effect_mobile&quot;:{&quot;unit&quot;:&quot;deg&quot;,&quot;size&quot;:&quot;&quot;,&quot;sizes&quot;:[]}}\" data-widget_type=\"image.default\">\n\t\t\t\t<div class=\"elementor-widget-container\">\n\t\t\t\t\t\t\t\t\t\t\t\t\t\t\t<img fetchpriority=\"high\" decoding=\"async\" width=\"413\" height=\"681\" src=\"https:\/\/sefafermuar.com.tr\/wp-content\/uploads\/2026\/04\/SukruKulak.jpg\" class=\"attachment-full size-full wp-image-249\" alt=\"\" srcset=\"https:\/\/sefafermuar.com.tr\/wp-content\/uploads\/2026\/04\/SukruKulak.jpg 413w, https:\/\/sefafermuar.com.tr\/wp-content\/uploads\/2026\/04\/SukruKulak-182x300.jpg 182w\" sizes=\"(max-width: 413px) 100vw, 413px\" \/>\t\t\t\t\t\t\t\t\t\t\t\t\t\t\t<\/div>\n\t\t\t\t<\/div>\n\t\t\t\t<\/div>\n\t\t<div class=\"elementor-element elementor-element-2bdf129 e-con-full e-flex e-con e-child\" data-id=\"2bdf129\" data-element_type=\"container\" data-e-type=\"container\">\n\t\t\t\t<div class=\"elementor-element elementor-element-13e700d elementor-widget elementor-widget-text-editor\" data-id=\"13e700d\" data-element_type=\"widget\" data-e-type=\"widget\" data-widget_type=\"text-editor.default\">\n\t\t\t\t<div class=\"elementor-widget-container\">\n\t\t\t\t\t\t\t\t\t<div class=\"col-md-8\"><p>SEFA FERMUAR, 1974 y\u0131l\u0131nda fermuar toptan tekstil aksesuarlar\u0131 sat\u0131\u015f &#8220;\u015fah\u0131s&#8221; firmas\u0131 olarak \u015e\u00dcKR\u00dc KULAK taraf\u0131ndan kurulmu\u015ftur. 1989 y\u0131l\u0131nda firma \u00fcnvan\u0131 de\u011fi\u015fikli\u011fi ile SEFA FERMUAR SAN T\u0130C A.\u015e. olarak g\u00fcn\u00fcm\u00fcze kadar ayn\u0131 isim alt\u0131nda sat\u0131\u015f faaliyetlerine devam etmektedir. <br \/><br \/>SEFA FERMUAR, bir d\u00fcnya markas\u0131 olan YKK Firmas\u0131&#8217;n\u0131n \u00fcretmi\u015f oldu\u011fu fermuar, d\u00fc\u011fme, \u00e7\u0131t \u00e7\u0131t, Cosmolon \u00ae, plastik aksesuarlar, kanca, rivet gibi olduk\u00e7a \u00e7e\u015fitli birle\u015ftirici \u00fcr\u00fcnlerin sat\u0131\u015f\u0131n\u0131 yapmaktad\u0131r. <br \/><br \/>SEFA FERMUAR 1974 y\u0131l\u0131ndan itibaren g\u00fcn\u00fcm\u00fcze kadar m\u00fc\u015fterilerin ihtiya\u00e7lar\u0131 do\u011frultusunda en iyi \u015fekilde farkl\u0131 sekt\u00f6r gruplar\u0131na hizmet vermeye devam etmektedir. M\u00fc\u015fteri memnuniyeti ve g\u00fcvenirlili\u011fi de\u011fi\u015fmez ilkesi olmu\u015ftur bu gururu sizler ile de payla\u015fmak dile\u011fiyle. <br \/><br \/>Sayg\u0131lar\u0131m\u0131zla <\/p><\/div>\t\t\t\t\t\t\t\t<\/div>\n\t\t\t\t<\/div>\n\t\t\t\t<\/div>\n\t\t\t\t\t<\/div>\n\t\t\t\t<\/div>\n\t\t<div class=\"elementor-element elementor-element-4038d13 e-flex e-con-boxed e-con e-parent\" data-id=\"4038d13\" data-element_type=\"container\" data-e-type=\"container\">\n\t\t\t\t\t<div class=\"e-con-inner\">\n\t\t\t\t<div class=\"elementor-element elementor-element-04ff70c elementor-view-default elementor-widget elementor-widget-icon\" data-id=\"04ff70c\" data-element_type=\"widget\" data-e-type=\"widget\" data-widget_type=\"icon.default\">\n\t\t\t\t<div class=\"elementor-widget-container\">\n\t\t\t\t\t\t\t<div class=\"elementor-icon-wrapper\">\n\t\t\t<div class=\"elementor-icon\">\n\t\t\t<svg aria-hidden=\"true\" class=\"e-font-icon-svg e-fas-quote-left\" viewBox=\"0 0 512 512\" xmlns=\"http:\/\/www.w3.org\/2000\/svg\"><path d=\"M464 256h-80v-64c0-35.3 28.7-64 64-64h8c13.3 0 24-10.7 24-24V56c0-13.3-10.7-24-24-24h-8c-88.4 0-160 71.6-160 160v240c0 26.5 21.5 48 48 48h128c26.5 0 48-21.5 48-48V304c0-26.5-21.5-48-48-48zm-288 0H96v-64c0-35.3 28.7-64 64-64h8c13.3 0 24-10.7 24-24V56c0-13.3-10.7-24-24-24h-8C71.6 32 0 103.6 0 192v240c0 26.5 21.5 48 48 48h128c26.5 0 48-21.5 48-48V304c0-26.5-21.5-48-48-48z\"><\/path><\/svg>\t\t\t<\/div>\n\t\t<\/div>\n\t\t\t\t\t\t<\/div>\n\t\t\t\t<\/div>\n\t\t\t\t<div class=\"elementor-element elementor-element-8cba250 elementor-widget elementor-widget-html\" data-id=\"8cba250\" data-element_type=\"widget\" data-e-type=\"widget\" data-widget_type=\"html.default\">\n\t\t\t\t<div class=\"elementor-widget-container\">\n\t\t\t\t\t<script>\ndocument.addEventListener(\"DOMContentLoaded\", function() {\n  const currentYear = new Date().getFullYear();\n  const result = currentYear - 1974;\n  document.getElementById(\"sonuc\").textContent = result;\n});\n<\/script>\t\t\t\t<\/div>\n\t\t\t\t<\/div>\n\t\t\t\t<div class=\"elementor-element elementor-element-ed9babb elementor-widget elementor-widget-heading\" data-id=\"ed9babb\" data-element_type=\"widget\" data-e-type=\"widget\" data-widget_type=\"heading.default\">\n\t\t\t\t<div class=\"elementor-widget-container\">\n\t\t\t\t\t<span class=\"elementor-heading-title elementor-size-default\"><span id=\"sonuc\"><\/span> y\u0131ld\u0131r herg\u00fcn i\u015fimizi daha \u00e7ok severek yap\u0131yoruz\"<\/span>\t\t\t\t<\/div>\n\t\t\t\t<\/div>\n\t\t\t\t<div class=\"elementor-element elementor-element-e91cb1d elementor-widget elementor-widget-heading\" data-id=\"e91cb1d\" data-element_type=\"widget\" data-e-type=\"widget\" data-widget_type=\"heading.default\">\n\t\t\t\t<div class=\"elementor-widget-container\">\n\t\t\t\t\t<span class=\"elementor-heading-title elementor-size-default\">\u015e\u00fckr\u00fc Kulak, Kurucu<\/span>\t\t\t\t<\/div>\n\t\t\t\t<\/div>\n\t\t\t\t\t<\/div>\n\t\t\t\t<\/div>\n\t\t<div class=\"elementor-element elementor-element-898e1cd e-flex e-con-boxed e-con e-parent\" data-id=\"898e1cd\" data-element_type=\"container\" data-e-type=\"container\" data-settings=\"{&quot;background_background&quot;:&quot;classic&quot;}\">\n\t\t\t\t\t<div class=\"e-con-inner\">\n\t\t\t\t<div class=\"elementor-element elementor-element-c20d047 elementor-widget elementor-widget-heading\" data-id=\"c20d047\" data-element_type=\"widget\" data-e-type=\"widget\" data-widget_type=\"heading.default\">\n\t\t\t\t<div class=\"elementor-widget-container\">\n\t\t\t\t\t<h5 class=\"elementor-heading-title elementor-size-default\">Firma Bilgileri<\/h5>\t\t\t\t<\/div>\n\t\t\t\t<\/div>\n\t\t\t\t<div class=\"elementor-element elementor-element-f9af3ca elementor-widget elementor-widget-text-editor\" data-id=\"f9af3ca\" data-element_type=\"widget\" data-e-type=\"widget\" data-widget_type=\"text-editor.default\">\n\t\t\t\t<div class=\"elementor-widget-container\">\n\t\t\t\t\t\t\t\t\t<p><strong>Firma \u00dcnvan\u0131 :<\/strong>\u00a0Sefa Fermuar San.Tic.A.\u015e\u00a0<br \/><strong>Vergi Dairesi :<\/strong>\u00a0Merter\u00a0<br \/><strong>Vergi No :<\/strong>\u00a0758 002 7254\u00a0<br \/><strong>Ticaret Sicil No<\/strong>: 251617 \/ 199189\u00a0<br \/><strong>Mersis No :<\/strong>\u00a00758002725400011\u00a0<br \/><br \/><strong>Merkez Adres :<\/strong>\u00a0M.Nesihi \u00d6zmen Mh.Keresteciler Sit.Fatih Cad.<br \/>Gedik \u0130\u015f Mrk. No:45\/1-3 G\u00fcng\u00f6ren \u0130stanbul<br \/><strong>\u015eube Adres :<\/strong>\u00a0Fatih Cad Ard\u0131\u00e7 Sokak No:4 Merter \/ G\u00fcng\u00f6ren \u0130stanbul<\/p>\t\t\t\t\t\t\t\t<\/div>\n\t\t\t\t<\/div>\n\t\t\t\t\t<\/div>\n\t\t\t\t<\/div>\n\t\t\t\t<\/div>\n\t\t","protected":false},"excerpt":{"rendered":"<p>Hakk\u0131m\u0131zda SEFA FERMUAR, 1974 y\u0131l\u0131nda fermuar toptan tekstil aksesuarlar\u0131 sat\u0131\u015f &#8220;\u015fah\u0131s&#8221; firmas\u0131 olarak \u015e\u00dcKR\u00dc KULAK taraf\u0131ndan kurulmu\u015ftur. 1989 y\u0131l\u0131nda firma \u00fcnvan\u0131 de\u011fi\u015fikli\u011fi ile SEFA FERMUAR SAN T\u0130C A.\u015e. olarak g\u00fcn\u00fcm\u00fcze kadar ayn\u0131 isim alt\u0131nda sat\u0131\u015f faaliyetlerine devam etmektedir. SEFA FERMUAR, bir d\u00fcnya markas\u0131 olan YKK Firmas\u0131&#8217;n\u0131n \u00fcretmi\u015f oldu\u011fu fermuar, d\u00fc\u011fme, \u00e7\u0131t \u00e7\u0131t, Cosmolon \u00ae, plastik [&hellip;]<\/p>\n","protected":false},"author":1,"featured_media":0,"parent":0,"menu_order":0,"comment_status":"closed","ping_status":"closed","template":"","meta":{"footnotes":""},"class_list":["post-164","page","type-page","status-publish","hentry"],"yoast_head":"<!-- This site is optimized with the Yoast SEO Premium plugin v27.5 (Yoast SEO v27.5) - https:\/\/yoast.com\/product\/yoast-seo-premium-wordpress\/ -->\r\n<title>Hakk\u0131m\u0131zda - Sefa Fermuar<\/title>\r\n<meta name=\"description\" content=\"SEFA FERMUAR, bir d\u00fcnya markas\u0131 olan YKK Firmas\u0131\u2019n\u0131n \u00fcretmi\u015f oldu\u011fu fermuar, d\u00fc\u011fme, \u00e7\u0131t \u00e7\u0131t, Cosmolon \u00ae, plastik aksesuarlar, kanca, rivet gibi olduk\u00e7a \u00e7e\u015fitli birle\u015ftirici \u00fcr\u00fcnlerin sat\u0131\u015f\u0131n\u0131 yapmaktad\u0131r.\" \/>\r\n<meta name=\"robots\" content=\"index, follow, max-snippet:-1, max-image-preview:large, max-video-preview:-1\" \/>\r\n<link rel=\"canonical\" href=\"https:\/\/sefafermuar.com.tr\/index.php\/hakkimizda\/\" \/>\r\n<meta property=\"og:locale\" content=\"tr_TR\" \/>\r\n<meta property=\"og:type\" content=\"article\" \/>\r\n<meta property=\"og:title\" content=\"Hakk\u0131m\u0131zda\" \/>\r\n<meta property=\"og:description\" content=\"SEFA FERMUAR, bir d\u00fcnya markas\u0131 olan YKK Firmas\u0131\u2019n\u0131n \u00fcretmi\u015f oldu\u011fu fermuar, d\u00fc\u011fme, \u00e7\u0131t \u00e7\u0131t, Cosmolon \u00ae, plastik aksesuarlar, kanca, rivet gibi olduk\u00e7a \u00e7e\u015fitli birle\u015ftirici \u00fcr\u00fcnlerin sat\u0131\u015f\u0131n\u0131 yapmaktad\u0131r.\" \/>\r\n<meta property=\"og:url\" content=\"https:\/\/sefafermuar.com.tr\/index.php\/hakkimizda\/\" \/>\r\n<meta property=\"og:site_name\" content=\"Sefa Fermuar\" \/>\r\n<meta property=\"article:publisher\" content=\"https:\/\/www.facebook.com\/pages\/Sefa-Fermuar\/1456124301284655\" \/>\r\n<meta property=\"article:modified_time\" content=\"2026-05-07T19:37:56+00:00\" \/>\r\n<meta property=\"og:image\" content=\"https:\/\/sefafermuar.com.tr\/wp-content\/uploads\/2026\/04\/SukruKulak.jpg\" \/>\r\n\t<meta property=\"og:image:width\" content=\"413\" \/>\r\n\t<meta property=\"og:image:height\" content=\"681\" \/>\r\n\t<meta property=\"og:image:type\" content=\"image\/jpeg\" \/>\r\n<meta name=\"twitter:card\" content=\"summary_large_image\" \/>\r\n<meta name=\"twitter:site\" content=\"@sefafermuar\" \/>\r\n<meta name=\"twitter:label1\" content=\"Tahmini okuma s\u00fcresi\" \/>\n\t<meta name=\"twitter:data1\" content=\"1 dakika\" \/>\r\n<script type=\"application\/ld+json\" class=\"yoast-schema-graph\">{\"@context\":\"https:\\\/\\\/schema.org\",\"@graph\":[{\"@type\":\"WebPage\",\"@id\":\"https:\\\/\\\/sefafermuar.com.tr\\\/index.php\\\/hakkimizda\\\/\",\"url\":\"https:\\\/\\\/sefafermuar.com.tr\\\/index.php\\\/hakkimizda\\\/\",\"name\":\"Hakk\u0131m\u0131zda - Sefa Fermuar\",\"isPartOf\":{\"@id\":\"https:\\\/\\\/sefafermuar.com.tr\\\/#website\"},\"primaryImageOfPage\":{\"@id\":\"https:\\\/\\\/sefafermuar.com.tr\\\/index.php\\\/hakkimizda\\\/#primaryimage\"},\"image\":{\"@id\":\"https:\\\/\\\/sefafermuar.com.tr\\\/index.php\\\/hakkimizda\\\/#primaryimage\"},\"thumbnailUrl\":\"https:\\\/\\\/sefafermuar.com.tr\\\/wp-content\\\/uploads\\\/2026\\\/04\\\/SukruKulak.jpg\",\"datePublished\":\"2026-04-20T11:38:26+00:00\",\"dateModified\":\"2026-05-07T19:37:56+00:00\",\"description\":\"SEFA FERMUAR, bir d\u00fcnya markas\u0131 olan YKK Firmas\u0131\u2019n\u0131n \u00fcretmi\u015f oldu\u011fu fermuar, d\u00fc\u011fme, \u00e7\u0131t \u00e7\u0131t, Cosmolon \u00ae, plastik aksesuarlar, kanca, rivet gibi olduk\u00e7a \u00e7e\u015fitli birle\u015ftirici \u00fcr\u00fcnlerin sat\u0131\u015f\u0131n\u0131 yapmaktad\u0131r.\",\"breadcrumb\":{\"@id\":\"https:\\\/\\\/sefafermuar.com.tr\\\/index.php\\\/hakkimizda\\\/#breadcrumb\"},\"inLanguage\":\"tr\",\"potentialAction\":[{\"@type\":\"ReadAction\",\"target\":[\"https:\\\/\\\/sefafermuar.com.tr\\\/index.php\\\/hakkimizda\\\/\"]}]},{\"@type\":\"ImageObject\",\"inLanguage\":\"tr\",\"@id\":\"https:\\\/\\\/sefafermuar.com.tr\\\/index.php\\\/hakkimizda\\\/#primaryimage\",\"url\":\"https:\\\/\\\/sefafermuar.com.tr\\\/wp-content\\\/uploads\\\/2026\\\/04\\\/SukruKulak.jpg\",\"contentUrl\":\"https:\\\/\\\/sefafermuar.com.tr\\\/wp-content\\\/uploads\\\/2026\\\/04\\\/SukruKulak.jpg\",\"width\":413,\"height\":681},{\"@type\":\"BreadcrumbList\",\"@id\":\"https:\\\/\\\/sefafermuar.com.tr\\\/index.php\\\/hakkimizda\\\/#breadcrumb\",\"itemListElement\":[{\"@type\":\"ListItem\",\"position\":1,\"name\":\"Home\",\"item\":\"https:\\\/\\\/sefafermuar.com.tr\\\/\"},{\"@type\":\"ListItem\",\"position\":2,\"name\":\"Hakk\u0131m\u0131zda\"}]},{\"@type\":\"WebSite\",\"@id\":\"https:\\\/\\\/sefafermuar.com.tr\\\/#website\",\"url\":\"https:\\\/\\\/sefafermuar.com.tr\\\/\",\"name\":\"Sefa Fermuar\",\"description\":\"Fermuardaki kalite\",\"publisher\":{\"@id\":\"https:\\\/\\\/sefafermuar.com.tr\\\/#organization\"},\"potentialAction\":[{\"@type\":\"SearchAction\",\"target\":{\"@type\":\"EntryPoint\",\"urlTemplate\":\"https:\\\/\\\/sefafermuar.com.tr\\\/?s={search_term_string}\"},\"query-input\":{\"@type\":\"PropertyValueSpecification\",\"valueRequired\":true,\"valueName\":\"search_term_string\"}}],\"inLanguage\":\"tr\"},{\"@type\":\"Organization\",\"@id\":\"https:\\\/\\\/sefafermuar.com.tr\\\/#organization\",\"name\":\"Sefa Fermuar San.Tic.A.\u015e\",\"alternateName\":\"Sefa Fermuar\",\"url\":\"https:\\\/\\\/sefafermuar.com.tr\\\/\",\"logo\":{\"@type\":\"ImageObject\",\"inLanguage\":\"tr\",\"@id\":\"https:\\\/\\\/sefafermuar.com.tr\\\/#\\\/schema\\\/logo\\\/image\\\/\",\"url\":\"https:\\\/\\\/sefafermuar.com.tr\\\/wp-content\\\/uploads\\\/2024\\\/07\\\/logo.jpg\",\"contentUrl\":\"https:\\\/\\\/sefafermuar.com.tr\\\/wp-content\\\/uploads\\\/2024\\\/07\\\/logo.jpg\",\"width\":1080,\"height\":1080,\"caption\":\"Sefa Fermuar San.Tic.A.\u015e\"},\"image\":{\"@id\":\"https:\\\/\\\/sefafermuar.com.tr\\\/#\\\/schema\\\/logo\\\/image\\\/\"},\"sameAs\":[\"https:\\\/\\\/www.facebook.com\\\/pages\\\/Sefa-Fermuar\\\/1456124301284655\",\"https:\\\/\\\/x.com\\\/sefafermuar\",\"https:\\\/\\\/www.instagram.com\\\/sefa.fermuar\\\/\",\"http:\\\/\\\/www.pinterest.com\\\/sefafermuar\\\/\"],\"description\":\"SEFA FERMUAR, bir d\u00fcnya markas\u0131 olan YKK Firmas\u0131\u2019n\u0131n \u00fcretmi\u015f oldu\u011fu fermuar, d\u00fc\u011fme, \u00e7\u0131t \u00e7\u0131t, Cosmolon \u00ae, plastik aksesuarlar, kanca, rivet gibi olduk\u00e7a \u00e7e\u015fitli birle\u015ftirici \u00fcr\u00fcnlerin sat\u0131\u015f\u0131n\u0131 yapmaktad\u0131r.\",\"email\":\"info@sefafermuar.com.tr\",\"foundingDate\":\"1989-01-01\",\"taxID\":\"758 002 7254\",\"numberOfEmployees\":{\"@type\":\"QuantitativeValue\",\"minValue\":\"11\",\"maxValue\":\"50\"}}]}<\/script>\r\n<!-- \/ Yoast SEO Premium plugin. -->","yoast_head_json":{"title":"Hakk\u0131m\u0131zda - Sefa Fermuar","description":"SEFA FERMUAR, bir d\u00fcnya markas\u0131 olan YKK Firmas\u0131\u2019n\u0131n \u00fcretmi\u015f oldu\u011fu fermuar, d\u00fc\u011fme, \u00e7\u0131t \u00e7\u0131t, Cosmolon \u00ae, plastik aksesuarlar, kanca, rivet gibi olduk\u00e7a \u00e7e\u015fitli birle\u015ftirici \u00fcr\u00fcnlerin sat\u0131\u015f\u0131n\u0131 yapmaktad\u0131r.","robots":{"index":"index","follow":"follow","max-snippet":"max-snippet:-1","max-image-preview":"max-image-preview:large","max-video-preview":"max-video-preview:-1"},"canonical":"https:\/\/sefafermuar.com.tr\/index.php\/hakkimizda\/","og_locale":"tr_TR","og_type":"article","og_title":"Hakk\u0131m\u0131zda","og_description":"SEFA FERMUAR, bir d\u00fcnya markas\u0131 olan YKK Firmas\u0131\u2019n\u0131n \u00fcretmi\u015f oldu\u011fu fermuar, d\u00fc\u011fme, \u00e7\u0131t \u00e7\u0131t, Cosmolon \u00ae, plastik aksesuarlar, kanca, rivet gibi olduk\u00e7a \u00e7e\u015fitli birle\u015ftirici \u00fcr\u00fcnlerin sat\u0131\u015f\u0131n\u0131 yapmaktad\u0131r.","og_url":"https:\/\/sefafermuar.com.tr\/index.php\/hakkimizda\/","og_site_name":"Sefa Fermuar","article_publisher":"https:\/\/www.facebook.com\/pages\/Sefa-Fermuar\/1456124301284655","article_modified_time":"2026-05-07T19:37:56+00:00","og_image":[{"width":413,"height":681,"url":"https:\/\/sefafermuar.com.tr\/wp-content\/uploads\/2026\/04\/SukruKulak.jpg","type":"image\/jpeg"}],"twitter_card":"summary_large_image","twitter_site":"@sefafermuar","twitter_misc":{"Tahmini okuma s\u00fcresi":"1 dakika"},"schema":{"@context":"https:\/\/schema.org","@graph":[{"@type":"WebPage","@id":"https:\/\/sefafermuar.com.tr\/index.php\/hakkimizda\/","url":"https:\/\/sefafermuar.com.tr\/index.php\/hakkimizda\/","name":"Hakk\u0131m\u0131zda - Sefa Fermuar","isPartOf":{"@id":"https:\/\/sefafermuar.com.tr\/#website"},"primaryImageOfPage":{"@id":"https:\/\/sefafermuar.com.tr\/index.php\/hakkimizda\/#primaryimage"},"image":{"@id":"https:\/\/sefafermuar.com.tr\/index.php\/hakkimizda\/#primaryimage"},"thumbnailUrl":"https:\/\/sefafermuar.com.tr\/wp-content\/uploads\/2026\/04\/SukruKulak.jpg","datePublished":"2026-04-20T11:38:26+00:00","dateModified":"2026-05-07T19:37:56+00:00","description":"SEFA FERMUAR, bir d\u00fcnya markas\u0131 olan YKK Firmas\u0131\u2019n\u0131n \u00fcretmi\u015f oldu\u011fu fermuar, d\u00fc\u011fme, \u00e7\u0131t \u00e7\u0131t, Cosmolon \u00ae, plastik aksesuarlar, kanca, rivet gibi olduk\u00e7a \u00e7e\u015fitli birle\u015ftirici \u00fcr\u00fcnlerin sat\u0131\u015f\u0131n\u0131 yapmaktad\u0131r.","breadcrumb":{"@id":"https:\/\/sefafermuar.com.tr\/index.php\/hakkimizda\/#breadcrumb"},"inLanguage":"tr","potentialAction":[{"@type":"ReadAction","target":["https:\/\/sefafermuar.com.tr\/index.php\/hakkimizda\/"]}]},{"@type":"ImageObject","inLanguage":"tr","@id":"https:\/\/sefafermuar.com.tr\/index.php\/hakkimizda\/#primaryimage","url":"https:\/\/sefafermuar.com.tr\/wp-content\/uploads\/2026\/04\/SukruKulak.jpg","contentUrl":"https:\/\/sefafermuar.com.tr\/wp-content\/uploads\/2026\/04\/SukruKulak.jpg","width":413,"height":681},{"@type":"BreadcrumbList","@id":"https:\/\/sefafermuar.com.tr\/index.php\/hakkimizda\/#breadcrumb","itemListElement":[{"@type":"ListItem","position":1,"name":"Home","item":"https:\/\/sefafermuar.com.tr\/"},{"@type":"ListItem","position":2,"name":"Hakk\u0131m\u0131zda"}]},{"@type":"WebSite","@id":"https:\/\/sefafermuar.com.tr\/#website","url":"https:\/\/sefafermuar.com.tr\/","name":"Sefa Fermuar","description":"Fermuardaki kalite","publisher":{"@id":"https:\/\/sefafermuar.com.tr\/#organization"},"potentialAction":[{"@type":"SearchAction","target":{"@type":"EntryPoint","urlTemplate":"https:\/\/sefafermuar.com.tr\/?s={search_term_string}"},"query-input":{"@type":"PropertyValueSpecification","valueRequired":true,"valueName":"search_term_string"}}],"inLanguage":"tr"},{"@type":"Organization","@id":"https:\/\/sefafermuar.com.tr\/#organization","name":"Sefa Fermuar San.Tic.A.\u015e","alternateName":"Sefa Fermuar","url":"https:\/\/sefafermuar.com.tr\/","logo":{"@type":"ImageObject","inLanguage":"tr","@id":"https:\/\/sefafermuar.com.tr\/#\/schema\/logo\/image\/","url":"https:\/\/sefafermuar.com.tr\/wp-content\/uploads\/2024\/07\/logo.jpg","contentUrl":"https:\/\/sefafermuar.com.tr\/wp-content\/uploads\/2024\/07\/logo.jpg","width":1080,"height":1080,"caption":"Sefa Fermuar San.Tic.A.\u015e"},"image":{"@id":"https:\/\/sefafermuar.com.tr\/#\/schema\/logo\/image\/"},"sameAs":["https:\/\/www.facebook.com\/pages\/Sefa-Fermuar\/1456124301284655","https:\/\/x.com\/sefafermuar","https:\/\/www.instagram.com\/sefa.fermuar\/","http:\/\/www.pinterest.com\/sefafermuar\/"],"description":"SEFA FERMUAR, bir d\u00fcnya markas\u0131 olan YKK Firmas\u0131\u2019n\u0131n \u00fcretmi\u015f oldu\u011fu fermuar, d\u00fc\u011fme, \u00e7\u0131t \u00e7\u0131t, Cosmolon \u00ae, plastik aksesuarlar, kanca, rivet gibi olduk\u00e7a \u00e7e\u015fitli birle\u015ftirici \u00fcr\u00fcnlerin sat\u0131\u015f\u0131n\u0131 yapmaktad\u0131r.","email":"info@sefafermuar.com.tr","foundingDate":"1989-01-01","taxID":"758 002 7254","numberOfEmployees":{"@type":"QuantitativeValue","minValue":"11","maxValue":"50"}}]}},"_links":{"self":[{"href":"https:\/\/sefafermuar.com.tr\/index.php\/wp-json\/wp\/v2\/pages\/164","targetHints":{"allow":["GET"]}}],"collection":[{"href":"https:\/\/sefafermuar.com.tr\/index.php\/wp-json\/wp\/v2\/pages"}],"about":[{"href":"https:\/\/sefafermuar.com.tr\/index.php\/wp-json\/wp\/v2\/types\/page"}],"author":[{"embeddable":true,"href":"https:\/\/sefafermuar.com.tr\/index.php\/wp-json\/wp\/v2\/users\/1"}],"replies":[{"embeddable":true,"href":"https:\/\/sefafermuar.com.tr\/index.php\/wp-json\/wp\/v2\/comments?post=164"}],"version-history":[{"count":28,"href":"https:\/\/sefafermuar.com.tr\/index.php\/wp-json\/wp\/v2\/pages\/164\/revisions"}],"predecessor-version":[{"id":824,"href":"https:\/\/sefafermuar.com.tr\/index.php\/wp-json\/wp\/v2\/pages\/164\/revisions\/824"}],"wp:attachment":[{"href":"https:\/\/sefafermuar.com.tr\/index.php\/wp-json\/wp\/v2\/media?parent=164"}],"curies":[{"name":"wp","href":"https:\/\/api.w.org\/{rel}","templated":true}]}}